{"id":4358,"date":"2024-10-22T04:05:29","date_gmt":"2024-10-22T04:05:29","guid":{"rendered":"https:\/\/vagascelulose.com\/?page_id=4358"},"modified":"2026-03-31T19:19:25","modified_gmt":"2026-03-31T19:19:25","slug":"about","status":"publish","type":"page","link":"https:\/\/vagascelulose.com\/ko\/about\/","title":{"rendered":"Vagas Celulose \uc18c\uac1c"},"content":{"rendered":"<div class=\"mx-5 sm:mx-0 prose leading-relaxed text-lg mb-5 text-left wp-paragraph\">\n<p>\uadf8\ub9cc\ud07c <strong>\ud384\ud504 \ubc0f \uc81c\uc9c0 \uc77c\uc790\ub9ac<\/strong> (<a target=\"_blank\" rel=\"noreferrer noopener\" href=\"https:\/\/vagascelulose.com\/ko\/\">https:\/\/vagascelulose.com\/<\/a>)\ub294 \ub3c5\ub9bd \ubbf8\ub514\uc5b4 \ud3ec\ud138\ub85c, \ud2b9\uc815 \ubd84\uc57c\ub97c \uc804\ubb38\uc73c\ub85c \ud569\ub2c8\ub2e4. <strong>\uc18c\ube44\uc790 \uc815\ubcf4 \ubd84\uc11d \ubc0f \ud560\uc778 \ucfe0\ud3f0 \ud050\ub808\uc774\uc158<\/strong>\uc800\ud76c\uc758 \ubaa9\ud45c\ub294 \uc628\ub77c\uc778 \uc1fc\ud551 \uacfc\uc815\uc744 \uac04\uc18c\ud654\ud558\uc5ec \ube0c\ub77c\uc9c8 \uc18c\ube44\uc790\ub4e4\uc774 \uc8fc\uc694 \uc804\uc790\uc0c1\uac70\ub798 \ud50c\ub7ab\ud3fc\uc5d0\uc11c \ucd5c\uace0\uc758 \uc0c1\ud488\uacfc \ud560\uc778 \ud61c\ud0dd\uc744 \ucc3e\uc744 \uc218 \uc788\ub3c4\ub85d \ub3d5\ub294 \uac83\uc785\ub2c8\ub2e4.<\/p>\n<\/div><div class=\"mx-5 sm:mx-0 prose leading-relaxed text-lg mb-5 text-left wp-paragraph\">\n<p>\uc810\uc810 \ub354 \ubcf5\uc7a1\ud574\uc9c0\ub294 \ub514\uc9c0\ud138 \uc18c\ube44 \ud658\uacbd \uc18d\uc5d0\uc11c \uc720\ud6a8\ud55c \ud504\ub85c\ubaa8\uc158 \ucf54\ub4dc\uc640 \ube44\uc6a9 \uc808\uac10 \uc804\ub7b5\uc5d0 \uc811\uadfc\ud560 \uc218 \uc788\ub294 \uac83\uc740 \uac1c\uc778 \uc608\uc0b0\uc744 \ucd5c\uc801\ud654\ud558\uace0\uc790 \ud558\ub294 \uc18c\ube44\uc790\uc758 \uad8c\ub9ac\ub77c\uace0 \uc0dd\uac01\ud569\ub2c8\ub2e4.<\/p>\n<\/div><!--advertisement--><div class=\"mx-5 sm:mx-0 sm:text-3xl text-2xl font-medium title-font mb-4 text-gray-900 text-left\">\n<h3 class=\"wp-block-heading\">\uc5ec\uae30\uc11c \ucc3e\uc744 \uc218 \uc788\ub294 \uac83<\/h3>\n<\/div><div class=\"mx-5 sm:mx-0 prose leading-relaxed text-lg mb-5 text-left wp-paragraph\">\n<p>\uc800\ud76c \ucf58\ud150\uce20\ub294 100%\uc758 \ud575\uc2ec \uac00\uce58\uc5d0 \uc9d1\uc911\ud558\uc5ec \uace0\uac1d\ub2d8\uc758 \uad6c\ub9e4 \ube44\uc6a9\uc744 \uc2e4\uc9c8\uc801\uc73c\ub85c \uc808\uac10\ud574 \ub4dc\ub9ac\ub294 \ub370 \uc788\uc2b5\ub2c8\ub2e4.<\/p>\n<\/div><div class=\"mx-5 sm:mx-0 prose text-left mb-5\">\n<ul><div class=\"mx-5 sm:mx-0 prose text-left mb-5\">\n<li><strong>\ucfe0\ud3f0 \ud050\ub808\uc774\uc158:<\/strong> \uc800\ud76c\ub294 \uc8fc\uc694 \ub9e4\uc7a5\uc758 \ucd5c\uace0\uc758 \ud560\uc778 \ucf54\ub4dc\ub97c \ucc3e\uc544 \uc815\ub9ac\ud569\ub2c8\ub2e4. \uc608\ub97c \ub4e4\uc5b4... <strong>\uc170\uc778<\/strong>\uc1fc\ud53c, \uc54c\ub9ac\uc775\uc2a4\ud504\ub808\uc2a4 \ubc0f \uae30\ud0c0 \ub514\uc9c0\ud138 \uc18c\ub9e4 \ub300\uae30\uc5c5.<\/li>\n<\/div>\n\n<div class=\"mx-5 sm:mx-0 prose text-left mb-5\">\n<li><strong>\uacbd\uc81c\ud559 \uac00\uc774\ub4dc:<\/strong> \ucfe0\ud3f0 \uc801\uc6a9 \ubc29\ubc95, \uc2dc\uc98c\ubcc4 \ud560\uc778 \ud589\uc0ac(\ube14\ub799\ud504\ub77c\uc774\ub370\uc774, \ud504\ub77c\uc784\ub370\uc774) \ud65c\uc6a9 \ubc29\ubc95, \uadf8\ub9ac\uace0 \ucd5c\uc800\uac00\ub85c \uad6c\ub9e4\ud558\uae30 \uc704\ud574 \uc5ec\ub7ec \ud560\uc778 \ud61c\ud0dd\uc744 \uc870\ud569\ud558\ub294 \ubc29\ubc95 \ub4f1 \uc2e4\uc6a9\uc801\uc778 \ud29c\ud1a0\ub9ac\uc5bc\uc744 \uc81c\uc791\ud588\uc2b5\ub2c8\ub2e4.<\/li>\n<\/div>\n\n<div class=\"mx-5 sm:mx-0 prose text-left mb-5\">\n<li><strong>\uc81c\uc548 \ubd84\uc11d:<\/strong> \uc800\ud76c\ub294 \uc0ac\uc6a9\uc790\ub4e4\uc774 \uc9c4\uc815\ud55c \ud61c\ud0dd\uc744 \ub204\ub9b4 \uc218 \uc788\ub3c4\ub85d \ud504\ub85c\ubaa8\uc158\uc758 \uc9c4\uc704 \uc5ec\ubd80\ub97c \uac80\uc99d\ud558\uace0, \ud5c8\uc704 \uad11\uace0\ub97c \ubc29\uc9c0\ud569\ub2c8\ub2e4.<\/li>\n<\/div><\/ul>\n<\/div><!--advertisement--><div class=\"mx-5 sm:mx-0 sm:text-3xl text-2xl font-medium title-font mb-4 text-gray-900 text-left\">\n<h3 class=\"wp-block-heading\">\ud22c\uba85\uc131\uacfc \ubc95\uaddc \uc900\uc218\uc5d0 \ub300\ud55c \uc6b0\ub9ac\uc758 \uc57d\uc18d<\/h3>\n<\/div><div class=\"mx-5 sm:mx-0 prose leading-relaxed text-lg mb-5 text-left wp-paragraph\">\n<p>\uae30\uc220 \uae30\ubc18 \ucf58\ud150\uce20 \ud3ec\ud138\ub85c\uc11c, \uc6b0\ub9ac\ub294 \uc5c4\uaca9\ud55c \ub514\uc9c0\ud138 \uc724\ub9ac \uc6d0\uce59\uc744 \uc900\uc218\ud558\uba70 \uc6b4\uc601\ud569\ub2c8\ub2e4.<\/p>\n<\/div><div class=\"mx-5 sm:mx-0 prose text-left mb-5\">\n<ol start=\"1\"><div class=\"mx-5 sm:mx-0 prose text-left mb-5\">\n<li><strong>\ud3b8\uc9d1\uc758 \ub3c5\ub9bd\uc131:<\/strong> Vagas Celulose\ub294 \uc815\ubcf4 \uc81c\uacf5 \uc6f9\uc0ac\uc774\ud2b8\uc785\ub2c8\ub2e4. \uc800\ud76c\ub294 \ub9e4\uc7a5\uc774 \uc544\ub2c8\uba70, \uc9c1\uc811 \ud310\ub9e4\ub97c \ud558\uc9c0 \uc54a\uc2b5\ub2c8\ub2e4. <strong>\uc800\ud76c\ub294 \uc5b4\ub5a0\ud55c \uc81c\ud734 \uad00\uacc4\ub3c4 \uc5c6\uc2b5\ub2c8\ub2e4.<\/strong> \uc5b8\uae09\ub41c \ube0c\ub79c\ub4dc\ub4e4\uc744 \ub300\uc0c1\uc73c\ub85c \ud569\ub2c8\ub2e4. \uc800\ud76c\uc758 \ucd5c\uc6b0\uc120 \ubaa9\ud45c\ub294 \ud310\ub9e4 \uc218\uc218\ub8cc\uc640 \uac19\uc740 \uc228\uaca8\uc9c4 \uc774\ud574\uad00\uacc4 \uc5c6\uc774, \uace0\uac1d\ub2d8\uaed8 \uc720\uc6a9\ud55c \uc815\ubcf4\ub97c \uc81c\uacf5\ud558\ub294 \uac83\uc785\ub2c8\ub2e4.<\/li>\n<\/div>\n\n<div class=\"mx-5 sm:mx-0 prose text-left mb-5\">\n<li><strong>\uc778\uacf5\uc9c0\ub2a5 \uae30\uc220\uc758 \uc724\ub9ac\uc801 \ud65c\uc6a9:<\/strong> \uc6b0\ub9ac\ub294 \uc778\uacf5\uc9c0\ub2a5 \ub3c4\uad6c\ub97c \uc0ac\uc6a9\ud558\uc5ec \uac00\uaca9 \ubcc0\ub3d9\uc744 \ubaa8\ub2c8\ud130\ub9c1\ud558\uace0 \ub300\ub7c9\uc758 \uc81c\uc548\uc744 \uc815\ub9ac\ud569\ub2c8\ub2e4. \ud558\uc9c0\ub9cc, <strong>\ubaa8\ub4e0 \ucf58\ud150\uce20\ub294 \uc758\ubb34\uc801\uc73c\ub85c \uc0ac\ub78c\uc758 \uac80\ud1a0\ub97c \uac70\uce69\ub2c8\ub2e4.<\/strong> \ucfe0\ud3f0\uc744 \ubc1c\ud589\ud558\uae30 \uc804\uc5d0 \ud14c\uc2a4\ud2b8\ub97c \uac70\uce58\uace0 \uc0ac\uc6a9 \ubc29\ubc95\uc774 \uba85\ud655\ud55c\uc9c0 \ud655\uc778\ud574\uc57c \ud569\ub2c8\ub2e4.<\/li>\n<\/div>\n\n<div class=\"mx-5 sm:mx-0 prose text-left mb-5\">\n<li><strong>\ub370\uc774\ud130 \ubcf4\ud638(LGPD):<\/strong> \uc800\ud76c\ub294 \uc77c\ubc18 \ub370\uc774\ud130 \ubcf4\ud638\ubc95(GDPR)\uc744 \uc644\ubcbd\ud558\uac8c \uc900\uc218\ud558\uba70 \uc6b4\uc601\ud569\ub2c8\ub2e4. \ubc29\ubb38\uac1d \uc815\ubcf4\ub294 \ucd5c\uace0 \uc218\uc900\uc758 \ubcf4\uc548 \ubc0f \uac1c\uc778\uc815\ubcf4 \ubcf4\ud638 \uae30\uc900\uc5d0 \ub530\ub77c \ucc98\ub9ac\ub429\ub2c8\ub2e4.<\/li>\n<\/div><\/ol>\n<\/div><!--advertisement--><div class=\"mx-5 sm:mx-0 sm:text-3xl text-2xl font-medium title-font mb-4 text-gray-900 text-left\">\n<h3 class=\"wp-block-heading\">\uc2e4\uc2dc\uac04 \uc5c5\ub370\uc774\ud2b8<\/h3>\n<\/div><div class=\"mx-5 sm:mx-0 prose leading-relaxed text-lg mb-5 text-left wp-paragraph\">\n<p>\ud560\uc778 \ucfe0\ud3f0 \uc2dc\uc7a5\uc740 \ubcc0\ub3d9\uc131\uc774 \ub9e4\uc6b0 \ud07d\ub2c8\ub2e4. \uc9c0\uae08 \uc0ac\uc6a9 \uac00\ub2a5\ud55c \ucfe0\ud3f0 \ucf54\ub4dc\ub3c4 \ud574\ub2f9 \ucfe0\ud3f0\uc744 \uc81c\uacf5\ud558\ub294 \ub9e4\uc7a5\uc758 \uc7ac\ub7c9\uc5d0 \ub530\ub77c \uba87 \ubd84 \ub9cc\uc5d0 \ub9cc\ub8cc\ub420 \uc218 \uc788\uc2b5\ub2c8\ub2e4. \ub530\ub77c\uc11c \uc800\ud76c\ub294 \ud3ec\ud138\uc758 \ucd5c\uc2e0 \uc815\ubcf4\ub97c \uc720\uc9c0\ud558\uae30 \uc704\ud574 \uc9c0\uc18d\uc801\uc778 \uc5c5\ub370\uc774\ud2b8\ub97c \uc9c4\ud589\ud558\uace0 \uc788\uc2b5\ub2c8\ub2e4.<\/p>\n<\/div><div class=\"mx-5 sm:mx-0 prose leading-relaxed text-lg mb-5 text-left wp-paragraph\">\n<p>\ub354 \uc774\uc0c1 \uc0ac\uc6a9\ub418\uc9c0 \uc54a\ub294 \ucfe0\ud3f0\uc744 \ubc1c\uacac\ud558\uc2dc\uba74 [\ub9c1\ud06c\/\ud50c\ub7ab\ud3fc]\uc744 \ud1b5\ud574 \uc54c\ub824\uc8fc\uc2dc\uba74 \uac10\uc0ac\ud558\uaca0\uc2b5\ub2c8\ub2e4. <a target=\"_blank\" rel=\"noreferrer noopener\" href=\"https:\/\/vagascelulose.com\/ko\/contact\/\">\ubb38\uc758 \uc591\uc2dd<\/a>.<\/p>\n<\/div><!--advertisement--><div class=\"mx-5 sm:mx-0 sm:text-3xl text-2xl font-medium title-font mb-4 text-gray-900 text-left\">\n<h3 class=\"wp-block-heading\">\uc911\uc694 \ubc95\uc801 \uace0\uc9c0<\/h3>\n<\/div><div class=\"mx-5 sm:mx-0 prose leading-relaxed text-lg mb-5 text-left wp-paragraph\">\n<p>\uadf8\ub9cc\ud07c <strong>\ud384\ud504 \ubc0f \uc81c\uc9c0 \uc77c\uc790\ub9ac<\/strong> \ubcf8 \ud3ec\ud138\uc740 \uc815\ubcf4 \uc81c\uacf5\ub9cc\uc744 \ubaa9\uc801\uc73c\ub85c \ud569\ub2c8\ub2e4. \ucfe0\ud3f0 \uc0ac\uc6a9 \uac00\ub2a5 \uc5ec\ubd80\ub098 \uc7ac\uace0 \ud655\ubcf4\ub97c \ubcf4\uc7a5\ud558\uc9c0 \uc54a\uc73c\uba70, \ud504\ub85c\ubaa8\uc158 \ucf54\ub4dc \ubc0f \ud560\uc778 \ud589\uc0ac\ub294 \ud574\ub2f9 \ub9e4\uc7a5(\uc608: Shein \ubc0f \uc81c\ud734\uc0ac)\uc758 \uc804\uc801\uc778 \ucc45\uc784\uc785\ub2c8\ub2e4.<\/p>\n<\/div><div class=\"mx-5 sm:mx-0 prose leading-relaxed text-lg mb-5 text-left wp-paragraph\">\n<p>\uac70\ub798\ub97c \uc644\ub8cc\ud558\uae30 \uc804\uc5d0 \uacf5\uc2dd \uc2a4\ud1a0\uc5b4\uc758 \uc7a5\ubc14\uad6c\ub2c8\uc5d0\uc11c \ucd5c\uc885 \ud560\uc778 \uae08\uc561\uc744 \ubc18\ub4dc\uc2dc \ud655\uc778\ud558\uc138\uc694.<\/p>\n<\/div>","protected":false},"excerpt":{"rendered":"<p>Vagas Celulose(https:\/\/vagascelulose.com\/)\ub294 \uc18c\ube44\uc790 \uc815\ubcf4 \ubd84\uc11d \ubc0f \ud560\uc778 \ucfe0\ud3f0 \ud050\ub808\uc774\uc158\uc744 \uc804\ubb38\uc73c\ub85c \ud558\ub294 \ub3c5\ub9bd \ubbf8\ub514\uc5b4 \ud3ec\ud138\uc785\ub2c8\ub2e4. \uc800\ud76c\uc758 \ubaa9\ud45c\ub294 \uc628\ub77c\uc778 \uc1fc\ud551 \uacfc\uc815\uc744 \uac04\uc18c\ud654\ud558\uc5ec \ube0c\ub77c\uc9c8 \uc18c\ube44\uc790\ub4e4\uc774 \uc8fc\uc694 \uc804\uc790\uc0c1\uac70\ub798 \ud50c\ub7ab\ud3fc\uc5d0\uc11c \ucd5c\uace0\uc758 \ud560\uc778 \ud61c\ud0dd\uc744 \ucc3e\uc744 \uc218 \uc788\ub3c4\ub85d \ub3d5\ub294 \uac83\uc785\ub2c8\ub2e4. \ub514\uc9c0\ud138 \uc18c\ube44 \ud658\uacbd\uc5d0\uc11c \ubaa8\ub4e0 \uc18c\ube44\uc790\ub294\u2026 <a class=\"more-link\" href=\"https:\/\/vagascelulose.com\/ko\/about\/\">\uacc4\uc18d \uc77d\uae30 <span class=\"screen-reader-text\">Vagas Celulose \uc18c\uac1c<\/span><\/a><\/p>","protected":false},"author":3,"featured_media":0,"parent":0,"menu_order":0,"comment_status":"closed","ping_status":"closed","template":"","meta":{"footnotes":""},"yoast_head":"<!-- This site is optimized with the Yoast SEO plugin v23.3 - https:\/\/yoast.com\/wordpress\/plugins\/seo\/ -->\n<title>Sobre o Vagas Celulose - Vagas Celulose<\/title>\n<meta name=\"robots\" content=\"index, follow, max-snippet:-1, max-image-preview:large, max-video-preview:-1\" \/>\n<link rel=\"canonical\" href=\"https:\/\/vagascelulose.com\/ko\/about\/\" \/>\n<meta property=\"og:locale\" content=\"ko_KR\" \/>\n<meta property=\"og:type\" content=\"article\" \/>\n<meta property=\"og:title\" content=\"Sobre o Vagas Celulose - Vagas Celulose\" \/>\n<meta property=\"og:description\" content=\"O Vagas Celulose (https:\/\/vagascelulose.com\/) \u00e9 um portal de m\u00eddia independente especializado em intelig\u00eancia de consumo e curadoria de cupons de desconto. Nossa miss\u00e3o \u00e9 simplificar a jornada de compra online, ajudando o consumidor brasileiro a encontrar as melhores oportunidades de economia em grandes plataformas de e-commerce. Acreditamos que, em um cen\u00e1rio de consumo digital cada&hellip; Continue reading Sobre o Vagas Celulose\" \/>\n<meta property=\"og:url\" content=\"https:\/\/vagascelulose.com\/ko\/about\/\" \/>\n<meta property=\"og:site_name\" content=\"Vagas Celulose\" \/>\n<meta property=\"article:modified_time\" content=\"2026-03-31T19:19:25+00:00\" \/>\n<meta name=\"twitter:card\" content=\"summary_large_image\" \/>\n<meta name=\"twitter:label1\" content=\"Est. reading time\" \/>\n\t<meta name=\"twitter:data1\" content=\"3\ubd84\" \/>\n<script type=\"application\/ld+json\" class=\"yoast-schema-graph\">{\"@context\":\"https:\/\/schema.org\",\"@graph\":[{\"@type\":\"WebPage\",\"@id\":\"https:\/\/vagascelulose.com\/about\/\",\"url\":\"https:\/\/vagascelulose.com\/about\/\",\"name\":\"Sobre o Vagas Celulose - Vagas Celulose\",\"isPartOf\":{\"@id\":\"https:\/\/vagascelulose.com\/#website\"},\"datePublished\":\"2024-10-22T04:05:29+00:00\",\"dateModified\":\"2026-03-31T19:19:25+00:00\",\"breadcrumb\":{\"@id\":\"https:\/\/vagascelulose.com\/about\/#breadcrumb\"},\"inLanguage\":\"ko-KR\",\"potentialAction\":[{\"@type\":\"ReadAction\",\"target\":[\"https:\/\/vagascelulose.com\/about\/\"]}]},{\"@type\":\"BreadcrumbList\",\"@id\":\"https:\/\/vagascelulose.com\/about\/#breadcrumb\",\"itemListElement\":[{\"@type\":\"ListItem\",\"position\":1,\"name\":\"Home\",\"item\":\"https:\/\/vagascelulose.com\/\"},{\"@type\":\"ListItem\",\"position\":2,\"name\":\"Sobre o Vagas Celulose\"}]},{\"@type\":\"WebSite\",\"@id\":\"https:\/\/vagascelulose.com\/#website\",\"url\":\"https:\/\/vagascelulose.com\/\",\"name\":\"Vagas Celulose\",\"description\":\"\",\"potentialAction\":[{\"@type\":\"SearchAction\",\"target\":{\"@type\":\"EntryPoint\",\"urlTemplate\":\"https:\/\/vagascelulose.com\/?s={search_term_string}\"},\"query-input\":\"required name=search_term_string\"}],\"inLanguage\":\"ko-KR\"}]}<\/script>\n<!-- \/ Yoast SEO plugin. -->","yoast_head_json":{"title":"Sobre o Vagas Celulose - Vagas Celulose","robots":{"index":"index","follow":"follow","max-snippet":"max-snippet:-1","max-image-preview":"max-image-preview:large","max-video-preview":"max-video-preview:-1"},"canonical":"https:\/\/vagascelulose.com\/ko\/about\/","og_locale":"ko_KR","og_type":"article","og_title":"Sobre o Vagas Celulose - Vagas Celulose","og_description":"O Vagas Celulose (https:\/\/vagascelulose.com\/) \u00e9 um portal de m\u00eddia independente especializado em intelig\u00eancia de consumo e curadoria de cupons de desconto. Nossa miss\u00e3o \u00e9 simplificar a jornada de compra online, ajudando o consumidor brasileiro a encontrar as melhores oportunidades de economia em grandes plataformas de e-commerce. Acreditamos que, em um cen\u00e1rio de consumo digital cada&hellip; Continue reading Sobre o Vagas Celulose","og_url":"https:\/\/vagascelulose.com\/ko\/about\/","og_site_name":"Vagas Celulose","article_modified_time":"2026-03-31T19:19:25+00:00","twitter_card":"summary_large_image","twitter_misc":{"Est. reading time":"3\ubd84"},"schema":{"@context":"https:\/\/schema.org","@graph":[{"@type":"WebPage","@id":"https:\/\/vagascelulose.com\/about\/","url":"https:\/\/vagascelulose.com\/about\/","name":"Sobre o Vagas Celulose - Vagas Celulose","isPartOf":{"@id":"https:\/\/vagascelulose.com\/#website"},"datePublished":"2024-10-22T04:05:29+00:00","dateModified":"2026-03-31T19:19:25+00:00","breadcrumb":{"@id":"https:\/\/vagascelulose.com\/about\/#breadcrumb"},"inLanguage":"ko-KR","potentialAction":[{"@type":"ReadAction","target":["https:\/\/vagascelulose.com\/about\/"]}]},{"@type":"BreadcrumbList","@id":"https:\/\/vagascelulose.com\/about\/#breadcrumb","itemListElement":[{"@type":"ListItem","position":1,"name":"Home","item":"https:\/\/vagascelulose.com\/"},{"@type":"ListItem","position":2,"name":"Sobre o Vagas Celulose"}]},{"@type":"WebSite","@id":"https:\/\/vagascelulose.com\/#website","url":"https:\/\/vagascelulose.com\/","name":"Vagas Celulose","description":"","potentialAction":[{"@type":"SearchAction","target":{"@type":"EntryPoint","urlTemplate":"https:\/\/vagascelulose.com\/?s={search_term_string}"},"query-input":"required name=search_term_string"}],"inLanguage":"ko-KR"}]}},"_links":{"self":[{"href":"https:\/\/vagascelulose.com\/ko\/wp-json\/wp\/v2\/pages\/4358"}],"collection":[{"href":"https:\/\/vagascelulose.com\/ko\/wp-json\/wp\/v2\/pages"}],"about":[{"href":"https:\/\/vagascelulose.com\/ko\/wp-json\/wp\/v2\/types\/page"}],"author":[{"embeddable":true,"href":"https:\/\/vagascelulose.com\/ko\/wp-json\/wp\/v2\/users\/3"}],"replies":[{"embeddable":true,"href":"https:\/\/vagascelulose.com\/ko\/wp-json\/wp\/v2\/comments?post=4358"}],"version-history":[{"count":3,"href":"https:\/\/vagascelulose.com\/ko\/wp-json\/wp\/v2\/pages\/4358\/revisions"}],"predecessor-version":[{"id":11061,"href":"https:\/\/vagascelulose.com\/ko\/wp-json\/wp\/v2\/pages\/4358\/revisions\/11061"}],"wp:attachment":[{"href":"https:\/\/vagascelulose.com\/ko\/wp-json\/wp\/v2\/media?parent=4358"}],"curies":[{"name":"wp","href":"https:\/\/api.w.org\/{rel}","templated":true}]}}