{"id":4358,"date":"2024-10-22T04:05:29","date_gmt":"2024-10-22T04:05:29","guid":{"rendered":"https:\/\/vagascelulose.com\/?page_id=4358"},"modified":"2026-03-31T19:19:25","modified_gmt":"2026-03-31T19:19:25","slug":"about","status":"publish","type":"page","link":"https:\/\/vagascelulose.com\/fr\/about\/","title":{"rendered":"\u00c0 propos de Vagas Celulose"},"content":{"rendered":"<div class=\"mx-5 sm:mx-0 prose leading-relaxed text-lg mb-5 text-left wp-paragraph\">\n<p>LE <strong>Offres d&#039;emploi dans le secteur de la cellulose<\/strong> (<a target=\"_blank\" rel=\"noreferrer noopener\" href=\"https:\/\/vagascelulose.com\/fr\/\">https:\/\/vagascelulose.com\/<\/a>) est un portail m\u00e9diatique ind\u00e9pendant sp\u00e9cialis\u00e9 dans <strong>Veille sur les consommateurs et s\u00e9lection de coupons de r\u00e9duction<\/strong>Notre mission est de simplifier le parcours d&#039;achat en ligne, en aidant les consommateurs br\u00e9siliens \u00e0 trouver les meilleures offres et les meilleures opportunit\u00e9s d&#039;\u00e9conomies sur les principales plateformes de commerce \u00e9lectronique.<\/p>\n<\/div><div class=\"mx-5 sm:mx-0 prose leading-relaxed text-lg mb-5 text-left wp-paragraph\">\n<p>Nous pensons que, dans un paysage de consommation num\u00e9rique de plus en plus complexe, l&#039;acc\u00e8s \u00e0 des codes promotionnels valides et \u00e0 des strat\u00e9gies permettant de r\u00e9duire les co\u00fbts est un droit pour les consommateurs qui souhaitent optimiser leur budget personnel.<\/p>\n<\/div><!--advertisement--><div class=\"mx-5 sm:mx-0 sm:text-3xl text-2xl font-medium title-font mb-4 text-gray-900 text-left\">\n<h3 class=\"wp-block-heading\">Ce que vous trouverez ici<\/h3>\n<\/div><div class=\"mx-5 sm:mx-0 prose leading-relaxed text-lg mb-5 text-left wp-paragraph\">\n<p>Notre contenu 100% est ax\u00e9 sur la r\u00e9alisation de r\u00e9elles \u00e9conomies sur vos achats\u00a0:<\/p>\n<\/div><div class=\"mx-5 sm:mx-0 prose text-left mb-5\">\n<ul><div class=\"mx-5 sm:mx-0 prose text-left mb-5\">\n<li><strong>S\u00e9lection de coupons :<\/strong> Nous trouvons et organisons les meilleurs codes de r\u00e9duction pour les grandes enseignes, telles que... <strong>Shein<\/strong>Shopee, AliExpress et autres g\u00e9ants du commerce de d\u00e9tail num\u00e9rique.<\/li>\n<\/div>\n\n<div class=\"mx-5 sm:mx-0 prose text-left mb-5\">\n<li><strong>Guides \u00e9conomiques\u00a0:<\/strong> Nous avons cr\u00e9\u00e9 des tutoriels pratiques sur la fa\u00e7on d&#039;utiliser les coupons, de profiter des promotions saisonni\u00e8res (Black Friday, Prime Day) et de combiner les offres pour obtenir le prix le plus bas possible.<\/li>\n<\/div>\n\n<div class=\"mx-5 sm:mx-0 prose text-left mb-5\">\n<li><strong>Analyse de l&#039;offre\u00a0:<\/strong> Nous v\u00e9rifions l&#039;authenticit\u00e9 des promotions afin de garantir \u00e0 nos utilisateurs l&#039;acc\u00e8s \u00e0 de v\u00e9ritables opportunit\u00e9s, en \u00e9vitant les publicit\u00e9s trompeuses.<\/li>\n<\/div><\/ul>\n<\/div><!--advertisement--><div class=\"mx-5 sm:mx-0 sm:text-3xl text-2xl font-medium title-font mb-4 text-gray-900 text-left\">\n<h3 class=\"wp-block-heading\">Notre engagement en mati\u00e8re de transparence et de conformit\u00e9<\/h3>\n<\/div><div class=\"mx-5 sm:mx-0 prose leading-relaxed text-lg mb-5 text-left wp-paragraph\">\n<p>En tant que portail de contenu assist\u00e9 par la technologie, nous op\u00e9rons selon des principes stricts d&#039;\u00e9thique num\u00e9rique\u00a0:<\/p>\n<\/div><div class=\"mx-5 sm:mx-0 prose text-left mb-5\">\n<ol start=\"1\"><div class=\"mx-5 sm:mx-0 prose text-left mb-5\">\n<li><strong>Ind\u00e9pendance \u00e9ditoriale :<\/strong> Vagas Celulose est un site web d&#039;information. Nous ne sommes pas un magasin, nous ne pratiquons pas la vente directe et\u2026 <strong>Nous n&#039;avons aucun lien d&#039;affiliation.<\/strong> avec les marques mentionn\u00e9es. Notre priorit\u00e9 est l&#039;utilit\u00e9 de ces informations pour vous, sans aucun int\u00e9r\u00eat cach\u00e9 li\u00e9 aux commissions sur les ventes.<\/li>\n<\/div>\n\n<div class=\"mx-5 sm:mx-0 prose text-left mb-5\">\n<li><strong>Utilisation \u00e9thique de la technologie (IA)\u00a0:<\/strong> Nous utilisons des outils d&#039;intelligence artificielle pour surveiller les fluctuations de prix et organiser de grands volumes d&#039;offres. Cependant, <strong>Tout le contenu fait l&#039;objet d&#039;une v\u00e9rification humaine obligatoire.<\/strong> Avant leur publication, nous nous assurons que les coupons sont test\u00e9s et que les instructions sont claires.<\/li>\n<\/div>\n\n<div class=\"mx-5 sm:mx-0 prose text-left mb-5\">\n<li><strong>Protection des donn\u00e9es (LGPD) :<\/strong> Nous op\u00e9rons en pleine conformit\u00e9 avec le R\u00e8glement g\u00e9n\u00e9ral sur la protection des donn\u00e9es (RGPD). Nous traitons les informations de nos visiteurs avec le plus haut niveau de s\u00e9curit\u00e9 et de confidentialit\u00e9.<\/li>\n<\/div><\/ol>\n<\/div><!--advertisement--><div class=\"mx-5 sm:mx-0 sm:text-3xl text-2xl font-medium title-font mb-4 text-gray-900 text-left\">\n<h3 class=\"wp-block-heading\">Mise \u00e0 jour en temps r\u00e9el<\/h3>\n<\/div><div class=\"mx-5 sm:mx-0 prose leading-relaxed text-lg mb-5 text-left wp-paragraph\">\n<p>Le monde des coupons de r\u00e9duction est extr\u00eamement instable. Un code valide aujourd&#039;hui peut expirer en quelques minutes, \u00e0 la discr\u00e9tion du magasin proposant l&#039;offre. C&#039;est pourquoi nous mettons r\u00e9guli\u00e8rement \u00e0 jour notre portail afin de garantir sa pertinence.<\/p>\n<\/div><div class=\"mx-5 sm:mx-0 prose leading-relaxed text-lg mb-5 text-left wp-paragraph\">\n<p>Si vous trouvez des coupons qui ne sont plus actifs, veuillez nous aider en nous envoyant une notification via notre [lien\/plateforme]. <a target=\"_blank\" rel=\"noreferrer noopener\" href=\"https:\/\/vagascelulose.com\/fr\/contact\/\">formulaire de contact<\/a>.<\/p>\n<\/div><!--advertisement--><div class=\"mx-5 sm:mx-0 sm:text-3xl text-2xl font-medium title-font mb-4 text-gray-900 text-left\">\n<h3 class=\"wp-block-heading\">Avis juridique important<\/h3>\n<\/div><div class=\"mx-5 sm:mx-0 prose leading-relaxed text-lg mb-5 text-left wp-paragraph\">\n<p>LE <strong>Offres d&#039;emploi dans le secteur de la cellulose<\/strong> Ce portail est purement informatif. Nous ne garantissons ni l&#039;acceptation des coupons ni la disponibilit\u00e9 des produits, car le contr\u00f4le des codes promotionnels et des ventes rel\u00e8ve de la seule et enti\u00e8re responsabilit\u00e9 des enseignes partenaires (telles que Shein et ses partenaires).<\/p>\n<\/div><div class=\"mx-5 sm:mx-0 prose leading-relaxed text-lg mb-5 text-left wp-paragraph\">\n<p>V\u00e9rifiez toujours la r\u00e9duction finale dans votre panier d&#039;achat sur la boutique officielle avant de finaliser votre transaction.<\/p>\n<\/div>","protected":false},"excerpt":{"rendered":"<p>Vagas Celulose (https:\/\/vagascelulose.com\/) est un portail m\u00e9dia ind\u00e9pendant sp\u00e9cialis\u00e9 dans l&#039;information des consommateurs et la s\u00e9lection de coupons de r\u00e9duction. Notre mission est de simplifier l&#039;exp\u00e9rience d&#039;achat en ligne et d&#039;aider les consommateurs br\u00e9siliens \u00e0 trouver les meilleures offres sur les principales plateformes de commerce \u00e9lectronique. Nous sommes convaincus que, dans un environnement num\u00e9rique, chaque consommateur\u2026 <a class=\"more-link\" href=\"https:\/\/vagascelulose.com\/fr\/about\/\">Continuer \u00e0 lire <span class=\"screen-reader-text\">\u00c0 propos de Vagas Celulose<\/span><\/a><\/p>","protected":false},"author":3,"featured_media":0,"parent":0,"menu_order":0,"comment_status":"closed","ping_status":"closed","template":"","meta":{"footnotes":""},"yoast_head":"<!-- This site is optimized with the Yoast SEO plugin v23.3 - https:\/\/yoast.com\/wordpress\/plugins\/seo\/ -->\n<title>Sobre o Vagas Celulose - Vagas Celulose<\/title>\n<meta name=\"robots\" content=\"index, follow, max-snippet:-1, max-image-preview:large, max-video-preview:-1\" \/>\n<link rel=\"canonical\" href=\"https:\/\/vagascelulose.com\/fr\/about\/\" \/>\n<meta property=\"og:locale\" content=\"fr_FR\" \/>\n<meta property=\"og:type\" content=\"article\" \/>\n<meta property=\"og:title\" content=\"Sobre o Vagas Celulose - Vagas Celulose\" \/>\n<meta property=\"og:description\" content=\"O Vagas Celulose (https:\/\/vagascelulose.com\/) \u00e9 um portal de m\u00eddia independente especializado em intelig\u00eancia de consumo e curadoria de cupons de desconto. Nossa miss\u00e3o \u00e9 simplificar a jornada de compra online, ajudando o consumidor brasileiro a encontrar as melhores oportunidades de economia em grandes plataformas de e-commerce. Acreditamos que, em um cen\u00e1rio de consumo digital cada&hellip; Continue reading Sobre o Vagas Celulose\" \/>\n<meta property=\"og:url\" content=\"https:\/\/vagascelulose.com\/fr\/about\/\" \/>\n<meta property=\"og:site_name\" content=\"Vagas Celulose\" \/>\n<meta property=\"article:modified_time\" content=\"2026-03-31T19:19:25+00:00\" \/>\n<meta name=\"twitter:card\" content=\"summary_large_image\" \/>\n<meta name=\"twitter:label1\" content=\"Est. reading time\" \/>\n\t<meta name=\"twitter:data1\" content=\"3 minutes\" \/>\n<script type=\"application\/ld+json\" class=\"yoast-schema-graph\">{\"@context\":\"https:\/\/schema.org\",\"@graph\":[{\"@type\":\"WebPage\",\"@id\":\"https:\/\/vagascelulose.com\/about\/\",\"url\":\"https:\/\/vagascelulose.com\/about\/\",\"name\":\"Sobre o Vagas Celulose - Vagas Celulose\",\"isPartOf\":{\"@id\":\"https:\/\/vagascelulose.com\/#website\"},\"datePublished\":\"2024-10-22T04:05:29+00:00\",\"dateModified\":\"2026-03-31T19:19:25+00:00\",\"breadcrumb\":{\"@id\":\"https:\/\/vagascelulose.com\/about\/#breadcrumb\"},\"inLanguage\":\"fr-FR\",\"potentialAction\":[{\"@type\":\"ReadAction\",\"target\":[\"https:\/\/vagascelulose.com\/about\/\"]}]},{\"@type\":\"BreadcrumbList\",\"@id\":\"https:\/\/vagascelulose.com\/about\/#breadcrumb\",\"itemListElement\":[{\"@type\":\"ListItem\",\"position\":1,\"name\":\"Home\",\"item\":\"https:\/\/vagascelulose.com\/\"},{\"@type\":\"ListItem\",\"position\":2,\"name\":\"Sobre o Vagas Celulose\"}]},{\"@type\":\"WebSite\",\"@id\":\"https:\/\/vagascelulose.com\/#website\",\"url\":\"https:\/\/vagascelulose.com\/\",\"name\":\"Vagas Celulose\",\"description\":\"\",\"potentialAction\":[{\"@type\":\"SearchAction\",\"target\":{\"@type\":\"EntryPoint\",\"urlTemplate\":\"https:\/\/vagascelulose.com\/?s={search_term_string}\"},\"query-input\":\"required name=search_term_string\"}],\"inLanguage\":\"fr-FR\"}]}<\/script>\n<!-- \/ Yoast SEO plugin. -->","yoast_head_json":{"title":"Sobre o Vagas Celulose - Vagas Celulose","robots":{"index":"index","follow":"follow","max-snippet":"max-snippet:-1","max-image-preview":"max-image-preview:large","max-video-preview":"max-video-preview:-1"},"canonical":"https:\/\/vagascelulose.com\/fr\/about\/","og_locale":"fr_FR","og_type":"article","og_title":"Sobre o Vagas Celulose - Vagas Celulose","og_description":"O Vagas Celulose (https:\/\/vagascelulose.com\/) \u00e9 um portal de m\u00eddia independente especializado em intelig\u00eancia de consumo e curadoria de cupons de desconto. Nossa miss\u00e3o \u00e9 simplificar a jornada de compra online, ajudando o consumidor brasileiro a encontrar as melhores oportunidades de economia em grandes plataformas de e-commerce. Acreditamos que, em um cen\u00e1rio de consumo digital cada&hellip; Continue reading Sobre o Vagas Celulose","og_url":"https:\/\/vagascelulose.com\/fr\/about\/","og_site_name":"Vagas Celulose","article_modified_time":"2026-03-31T19:19:25+00:00","twitter_card":"summary_large_image","twitter_misc":{"Est. reading time":"3 minutes"},"schema":{"@context":"https:\/\/schema.org","@graph":[{"@type":"WebPage","@id":"https:\/\/vagascelulose.com\/about\/","url":"https:\/\/vagascelulose.com\/about\/","name":"Sobre o Vagas Celulose - Vagas Celulose","isPartOf":{"@id":"https:\/\/vagascelulose.com\/#website"},"datePublished":"2024-10-22T04:05:29+00:00","dateModified":"2026-03-31T19:19:25+00:00","breadcrumb":{"@id":"https:\/\/vagascelulose.com\/about\/#breadcrumb"},"inLanguage":"fr-FR","potentialAction":[{"@type":"ReadAction","target":["https:\/\/vagascelulose.com\/about\/"]}]},{"@type":"BreadcrumbList","@id":"https:\/\/vagascelulose.com\/about\/#breadcrumb","itemListElement":[{"@type":"ListItem","position":1,"name":"Home","item":"https:\/\/vagascelulose.com\/"},{"@type":"ListItem","position":2,"name":"Sobre o Vagas Celulose"}]},{"@type":"WebSite","@id":"https:\/\/vagascelulose.com\/#website","url":"https:\/\/vagascelulose.com\/","name":"Vagas Celulose","description":"","potentialAction":[{"@type":"SearchAction","target":{"@type":"EntryPoint","urlTemplate":"https:\/\/vagascelulose.com\/?s={search_term_string}"},"query-input":"required name=search_term_string"}],"inLanguage":"fr-FR"}]}},"_links":{"self":[{"href":"https:\/\/vagascelulose.com\/fr\/wp-json\/wp\/v2\/pages\/4358"}],"collection":[{"href":"https:\/\/vagascelulose.com\/fr\/wp-json\/wp\/v2\/pages"}],"about":[{"href":"https:\/\/vagascelulose.com\/fr\/wp-json\/wp\/v2\/types\/page"}],"author":[{"embeddable":true,"href":"https:\/\/vagascelulose.com\/fr\/wp-json\/wp\/v2\/users\/3"}],"replies":[{"embeddable":true,"href":"https:\/\/vagascelulose.com\/fr\/wp-json\/wp\/v2\/comments?post=4358"}],"version-history":[{"count":3,"href":"https:\/\/vagascelulose.com\/fr\/wp-json\/wp\/v2\/pages\/4358\/revisions"}],"predecessor-version":[{"id":11061,"href":"https:\/\/vagascelulose.com\/fr\/wp-json\/wp\/v2\/pages\/4358\/revisions\/11061"}],"wp:attachment":[{"href":"https:\/\/vagascelulose.com\/fr\/wp-json\/wp\/v2\/media?parent=4358"}],"curies":[{"name":"wp","href":"https:\/\/api.w.org\/{rel}","templated":true}]}}